{"id":203,"date":"2015-11-17T12:51:53","date_gmt":"2015-11-17T12:51:53","guid":{"rendered":"https:\/\/www.argengineering.com\/?page_id=203"},"modified":"2024-01-15T13:03:16","modified_gmt":"2024-01-15T12:03:16","slug":"politica-cookies","status":"publish","type":"page","link":"https:\/\/www.argengineering.com\/es\/politica-cookies\/","title":{"rendered":"Pol\u00edtica de Cookies"},"content":{"rendered":"<p>[et_pb_section fb_built=\u00bb1&#8243; fullwidth=\u00bbon\u00bb admin_label=\u00bbSecci\u00f3n\u00bb _builder_version=\u00bb4.23.4&#8243; hover_enabled=\u00bb0&#8243; global_colors_info=\u00bb{}\u00bb background_color=\u00bb#0C71C3&#8243; sticky_enabled=\u00bb0&#8243;][et_pb_fullwidth_header title=\u00bb Pol\u00edtica de Cookies\u00bb text_orientation=\u00bbcenter\u00bb content_max_width=\u00bbnone\u00bb admin_label=\u00bb Pol\u00edtica de Cookies\u00bb _builder_version=\u00bb4.23.4&#8243; background_color=\u00bbrgba(255, 255, 255, 0)\u00bb background_layout=\u00bblight\u00bb custom_padding=\u00bb||20px|||\u00bb hover_enabled=\u00bb0&#8243; button_one_border_radius_hover=\u00bb3&#8243; button_two_border_radius_hover=\u00bb3&#8243; button_one_letter_spacing_hover=\u00bb0&#8243; button_two_letter_spacing_hover=\u00bb0&#8243; global_colors_info=\u00bb{}\u00bb button_one_text_size__hover_enabled=\u00bboff\u00bb button_two_text_size__hover_enabled=\u00bboff\u00bb button_one_text_color__hover_enabled=\u00bboff\u00bb button_two_text_color__hover_enabled=\u00bboff\u00bb button_one_border_width__hover_enabled=\u00bboff\u00bb button_two_border_width__hover_enabled=\u00bboff\u00bb button_one_border_color__hover_enabled=\u00bboff\u00bb button_two_border_color__hover_enabled=\u00bboff\u00bb button_one_border_radius__hover_enabled=\u00bbon\u00bb button_one_border_radius__hover=\u00bb3&#8243; button_two_border_radius__hover_enabled=\u00bbon\u00bb button_two_border_radius__hover=\u00bb3&#8243; button_one_letter_spacing__hover_enabled=\u00bbon\u00bb button_one_letter_spacing__hover=\u00bb0&#8243; button_two_letter_spacing__hover_enabled=\u00bbon\u00bb button_two_letter_spacing__hover=\u00bb0&#8243; button_one_bg_color__hover_enabled=\u00bboff\u00bb button_two_bg_color__hover_enabled=\u00bboff\u00bb title_text_color=\u00bb#FFFFFF\u00bb sticky_enabled=\u00bb0&#8243;][\/et_pb_fullwidth_header][\/et_pb_section][et_pb_section fb_built=\u00bb1&#8243; admin_label=\u00bbSecci\u00f3n\u00bb _builder_version=\u00bb4.16&#8243; custom_padding=\u00bb2px||7px|||\u00bb global_colors_info=\u00bb{}\u00bb][et_pb_row admin_label=\u00bbFila\u00bb _builder_version=\u00bb4.16&#8243; background_size=\u00bbinitial\u00bb background_position=\u00bbtop_left\u00bb background_repeat=\u00bbrepeat\u00bb global_colors_info=\u00bb{}\u00bb][et_pb_column type=\u00bb4_4&#8243; _builder_version=\u00bb4.16&#8243; custom_padding=\u00bb|||\u00bb global_colors_info=\u00bb{}\u00bb custom_padding__hover=\u00bb|||\u00bb][et_pb_text admin_label=\u00bbTexto\u00bb _builder_version=\u00bb4.16&#8243; background_size=\u00bbinitial\u00bb background_position=\u00bbtop_left\u00bb background_repeat=\u00bbrepeat\u00bb use_border_color=\u00bboff\u00bb border_color=\u00bb#ffffff\u00bb border_style=\u00bbsolid\u00bb global_colors_info=\u00bb{}\u00bb]Esta web utiliza \u201ccookies\u201d propias y de terceros para ofrecerle una mejor experiencia y servicio. Al navegar o utilizar nuestros servicios el usuario acepta el uso que hacemos de las \u201ccookies\u201d. Sin embargo el usuario tiene la opci\u00f3n de impedir la generaci\u00f3n de \u201ccookies\u201d y la eliminaci\u00f3n de las mismas mediante la selecci\u00f3n de la correspondiente opci\u00f3n en su navegador. En caso de bloquear el uso de \u201ccookies\u201d en su navegador es posible que algunos servicios o funcionalidades de la p\u00e1gina web no est\u00e9n disponibles.<\/p>\n<p><strong>\u00bfQu\u00e9 son las cookies?<\/strong><\/p>\n<p>Las cookies son peque\u00f1os archivos que algunas plataformas, como las p\u00e1ginas web, pueden instalar en su navegador. Sus funciones pueden ser muy variadas: almacenar sus preferencias de navegaci\u00f3n, recopilar informaci\u00f3n estad\u00edstica, permitir ciertas funcionalidades t\u00e9cnicas como memorizar el inicio de sesi\u00f3n, etc.<\/p>\n<p><strong>\u00bfC\u00f3mo y por qu\u00e9 utilizamos cookies?<\/strong><\/p>\n<p>Las cookies se utilizan para mejorar el uso y la funcionalidad de los sitios web y para comprender mejor el uso que hacen los visitantes de estos. El almacenamiento de las cookies en su ordenador representa una forma sencilla y c\u00f3moda de personalizar su navegaci\u00f3n o mejorar su experiencia como usuario de nuestros sitios web.<\/p>\n<p><strong>\u00bfC\u00f3mo puedo cambiar la configuraci\u00f3n de las cookies?<\/strong><\/p>\n<p>Usted puede modificar la configuraci\u00f3n de las cookies en cualquier momento. Puede permitir, bloquear o eliminar las cookies instaladas en su equipo mediante la configuraci\u00f3n de las opciones de su navegador de Internet. Tenga en cuenta que si las deshabilita perder\u00e1 ciertas funcionalidades que requieran el registro o la recopilaci\u00f3n de datos.<\/p>\n<p>A continuaci\u00f3n le ofrecemos informaci\u00f3n b\u00e1sica sobre c\u00f3mo puede activar sus preferencias en los principales navegadores: (si desea informaci\u00f3n m\u00e1s espec\u00edfica, le recomendamos que visite la p\u00e1gina del fabricante)<\/p>\n<p>\u2022\u00a0<strong>Chrome<\/strong>, desde:\u00a0http:\/\/support.google.com\/chrome\/bin\/answer.py?hl=es&amp;answer=95647<br \/>\nPara m\u00e1s informaci\u00f3n, puede consultar el soporte de Google o la Ayuda del navegador.<\/p>\n<p>\u2022\u00a0<strong>Explorer<\/strong>, desde:\u00a0http:\/\/windows.microsoft.com\/es-es\/windows7\/how-to-manage-cookies-in-internet-explorer-9<br \/>\nPara m\u00e1s informaci\u00f3n, puede consultar el soporte de Microsoft o la Ayuda del navegador.<\/p>\n<p>\u2022\u00a0<strong>Firefox<\/strong>, desde:\u00a0http:\/\/support.mozilla.org\/es\/kb\/habilitar-y-deshabilitar-cookies-que-los-sitios-we<br \/>\nPara m\u00e1s informaci\u00f3n, puede consultar el soporte de Mozilla o la Ayuda del navegador.<\/p>\n<p>\u2022\u00a0<strong>Safari<\/strong>, desde:\u00a0http:\/\/support.apple.com\/kb\/ph5042<br \/>\nPara m\u00e1s informaci\u00f3n, puede consultar el soporte de Apple o la Ayuda del navegador.<\/p>\n<p><strong>\u00bfQu\u00e9 tipos de cookies utilizamos?<\/strong><\/p>\n<p>Esta web utiliza tanto \u2018cookies\u2019 temporales de sesi\u00f3n como \u2018cookies\u2019 permanentes. Las \u2018cookies\u2019 de sesi\u00f3n almacenan datos \u00fanicamente mientras el usuario accede a la web y las \u2018cookies\u2019 permanentes almacenan los datos en el terminal para que sean accedidos y utilizados en m\u00e1s de una sesi\u00f3n.<\/p>\n<p>Seg\u00fan la finalidad para la que se traten los datos obtenidos a trav\u00e9s de las \u2018cookies\u2019, el web puede utilizar:<\/p>\n<p><strong>Cookies de mejora del rendimiento<\/strong><\/p>\n<p>Son sus preferencias a la hora de utilizar algunas de las herramientas que se ofrecen en las webs, que quedar\u00e1n almacenadas para no tener que configurarlas de nuevo la pr\u00f3xima vez que las visite.<\/p>\n<p><strong>Cookies de an\u00e1lisis estad\u00edstico<\/strong><\/p>\n<p>Son aquellas que, bien tratadas por nosotros o por terceros, permiten cuantificar el n\u00famero de visitantes y analizar estad\u00edsticamente la utilizaci\u00f3n que hacen los usuarios de nuestros servicios. De esta manera podemos ofrecer a los usuarios una web m\u00e1s adecuada a su navegaci\u00f3n.<\/p>\n<p><strong>Cookies de registro<\/strong><\/p>\n<p>Cuando usted se registra en nuestro portal, se generan cookies que le identifican como usuario registrado e indican cu\u00e1ndo usted se ha identificado en el portal. De esta manera se podr\u00e1 identificar su cuenta de usuario y sus servicios asociados, manteniendo la sesi\u00f3n abierta mientras usted no abandone la cuenta, cierre el navegador o apague el dispositivo.<\/p>\n<p><strong>Otras cookies de terceros<\/strong><\/p>\n<p>En algunas de nuestras p\u00e1ginas se pueden instalar cookies de terceros que permitan gestionar y mejorar los servicios que \u00e9stos ofrecen, como por ejemplo, los botones para compartir el contenido en las redes sociales.<br \/>\n[\/et_pb_text][\/et_pb_column][\/et_pb_row][\/et_pb_section]<\/p>\n","protected":false},"excerpt":{"rendered":"<p>Esta web utiliza \u201ccookies\u201d propias y de terceros para ofrecerle una mejor experiencia y servicio. Al navegar o utilizar nuestros servicios el usuario acepta el uso que hacemos de las \u201ccookies\u201d. Sin embargo el usuario tiene la opci\u00f3n de impedir la generaci\u00f3n de \u201ccookies\u201d y la eliminaci\u00f3n de las mismas mediante la selecci\u00f3n de la [&hellip;]<\/p>\n","protected":false},"author":1,"featured_media":0,"parent":0,"menu_order":0,"comment_status":"closed","ping_status":"closed","template":"","meta":{"_et_pb_use_builder":"on","_et_pb_old_content":"","_et_gb_content_width":"","footnotes":""},"class_list":["post-203","page","type-page","status-publish","hentry"],"yoast_head":"<!-- This site is optimized with the Yoast SEO plugin v27.2 - https:\/\/yoast.com\/product\/yoast-seo-wordpress\/ -->\n<title>Pol\u00edtica de Cookies - ARG Engineering<\/title>\n<meta name=\"robots\" content=\"index, follow, max-snippet:-1, max-image-preview:large, max-video-preview:-1\" \/>\n<link rel=\"canonical\" href=\"https:\/\/www.argengineering.com\/es\/politica-cookies\/\" \/>\n<meta property=\"og:locale\" content=\"es_ES\" \/>\n<meta property=\"og:type\" content=\"article\" \/>\n<meta property=\"og:title\" content=\"Pol\u00edtica de Cookies - ARG Engineering\" \/>\n<meta property=\"og:description\" content=\"Esta web utiliza \u201ccookies\u201d propias y de terceros para ofrecerle una mejor experiencia y servicio. Al navegar o utilizar nuestros servicios el usuario acepta el uso que hacemos de las \u201ccookies\u201d. Sin embargo el usuario tiene la opci\u00f3n de impedir la generaci\u00f3n de \u201ccookies\u201d y la eliminaci\u00f3n de las mismas mediante la selecci\u00f3n de la [&hellip;]\" \/>\n<meta property=\"og:url\" content=\"https:\/\/www.argengineering.com\/es\/politica-cookies\/\" \/>\n<meta property=\"og:site_name\" content=\"ARG Engineering\" \/>\n<meta property=\"article:modified_time\" content=\"2024-01-15T12:03:16+00:00\" \/>\n<meta name=\"twitter:card\" content=\"summary_large_image\" \/>\n<meta name=\"twitter:label1\" content=\"Tiempo de lectura\" \/>\n\t<meta name=\"twitter:data1\" content=\"4 minutos\" \/>\n<script type=\"application\/ld+json\" class=\"yoast-schema-graph\">{\"@context\":\"https:\/\/schema.org\",\"@graph\":[{\"@type\":\"WebPage\",\"@id\":\"https:\/\/www.argengineering.com\/es\/politica-cookies\/\",\"url\":\"https:\/\/www.argengineering.com\/es\/politica-cookies\/\",\"name\":\"Pol\u00edtica de Cookies - ARG Engineering\",\"isPartOf\":{\"@id\":\"https:\/\/www.argengineering.com\/#website\"},\"datePublished\":\"2015-11-17T12:51:53+00:00\",\"dateModified\":\"2024-01-15T12:03:16+00:00\",\"breadcrumb\":{\"@id\":\"https:\/\/www.argengineering.com\/es\/politica-cookies\/#breadcrumb\"},\"inLanguage\":\"es\",\"potentialAction\":[{\"@type\":\"ReadAction\",\"target\":[\"https:\/\/www.argengineering.com\/es\/politica-cookies\/\"]}]},{\"@type\":\"BreadcrumbList\",\"@id\":\"https:\/\/www.argengineering.com\/es\/politica-cookies\/#breadcrumb\",\"itemListElement\":[{\"@type\":\"ListItem\",\"position\":1,\"name\":\"Portada\",\"item\":\"https:\/\/www.argengineering.com\/\"},{\"@type\":\"ListItem\",\"position\":2,\"name\":\"Pol\u00edtica de Cookies\"}]},{\"@type\":\"WebSite\",\"@id\":\"https:\/\/www.argengineering.com\/#website\",\"url\":\"https:\/\/www.argengineering.com\/\",\"name\":\"ARG Engineering\",\"description\":\"Engynieria de precisi\u00f3\",\"potentialAction\":[{\"@type\":\"SearchAction\",\"target\":{\"@type\":\"EntryPoint\",\"urlTemplate\":\"https:\/\/www.argengineering.com\/?s={search_term_string}\"},\"query-input\":{\"@type\":\"PropertyValueSpecification\",\"valueRequired\":true,\"valueName\":\"search_term_string\"}}],\"inLanguage\":\"es\"}]}<\/script>\n<!-- \/ Yoast SEO plugin. -->","yoast_head_json":{"title":"Pol\u00edtica de Cookies - ARG Engineering","robots":{"index":"index","follow":"follow","max-snippet":"max-snippet:-1","max-image-preview":"max-image-preview:large","max-video-preview":"max-video-preview:-1"},"canonical":"https:\/\/www.argengineering.com\/es\/politica-cookies\/","og_locale":"es_ES","og_type":"article","og_title":"Pol\u00edtica de Cookies - ARG Engineering","og_description":"Esta web utiliza \u201ccookies\u201d propias y de terceros para ofrecerle una mejor experiencia y servicio. Al navegar o utilizar nuestros servicios el usuario acepta el uso que hacemos de las \u201ccookies\u201d. Sin embargo el usuario tiene la opci\u00f3n de impedir la generaci\u00f3n de \u201ccookies\u201d y la eliminaci\u00f3n de las mismas mediante la selecci\u00f3n de la [&hellip;]","og_url":"https:\/\/www.argengineering.com\/es\/politica-cookies\/","og_site_name":"ARG Engineering","article_modified_time":"2024-01-15T12:03:16+00:00","twitter_card":"summary_large_image","twitter_misc":{"Tiempo de lectura":"4 minutos"},"schema":{"@context":"https:\/\/schema.org","@graph":[{"@type":"WebPage","@id":"https:\/\/www.argengineering.com\/es\/politica-cookies\/","url":"https:\/\/www.argengineering.com\/es\/politica-cookies\/","name":"Pol\u00edtica de Cookies - ARG Engineering","isPartOf":{"@id":"https:\/\/www.argengineering.com\/#website"},"datePublished":"2015-11-17T12:51:53+00:00","dateModified":"2024-01-15T12:03:16+00:00","breadcrumb":{"@id":"https:\/\/www.argengineering.com\/es\/politica-cookies\/#breadcrumb"},"inLanguage":"es","potentialAction":[{"@type":"ReadAction","target":["https:\/\/www.argengineering.com\/es\/politica-cookies\/"]}]},{"@type":"BreadcrumbList","@id":"https:\/\/www.argengineering.com\/es\/politica-cookies\/#breadcrumb","itemListElement":[{"@type":"ListItem","position":1,"name":"Portada","item":"https:\/\/www.argengineering.com\/"},{"@type":"ListItem","position":2,"name":"Pol\u00edtica de Cookies"}]},{"@type":"WebSite","@id":"https:\/\/www.argengineering.com\/#website","url":"https:\/\/www.argengineering.com\/","name":"ARG Engineering","description":"Engynieria de precisi\u00f3","potentialAction":[{"@type":"SearchAction","target":{"@type":"EntryPoint","urlTemplate":"https:\/\/www.argengineering.com\/?s={search_term_string}"},"query-input":{"@type":"PropertyValueSpecification","valueRequired":true,"valueName":"search_term_string"}}],"inLanguage":"es"}]}},"_links":{"self":[{"href":"https:\/\/www.argengineering.com\/es\/wp-json\/wp\/v2\/pages\/203","targetHints":{"allow":["GET"]}}],"collection":[{"href":"https:\/\/www.argengineering.com\/es\/wp-json\/wp\/v2\/pages"}],"about":[{"href":"https:\/\/www.argengineering.com\/es\/wp-json\/wp\/v2\/types\/page"}],"author":[{"embeddable":true,"href":"https:\/\/www.argengineering.com\/es\/wp-json\/wp\/v2\/users\/1"}],"replies":[{"embeddable":true,"href":"https:\/\/www.argengineering.com\/es\/wp-json\/wp\/v2\/comments?post=203"}],"version-history":[{"count":7,"href":"https:\/\/www.argengineering.com\/es\/wp-json\/wp\/v2\/pages\/203\/revisions"}],"predecessor-version":[{"id":493,"href":"https:\/\/www.argengineering.com\/es\/wp-json\/wp\/v2\/pages\/203\/revisions\/493"}],"wp:attachment":[{"href":"https:\/\/www.argengineering.com\/es\/wp-json\/wp\/v2\/media?parent=203"}],"curies":[{"name":"wp","href":"https:\/\/api.w.org\/{rel}","templated":true}]}}